{"id":36,"date":"2024-04-03T10:48:17","date_gmt":"2024-04-03T10:48:17","guid":{"rendered":"https:\/\/aviator-palety.pl\/?page_id=36"},"modified":"2025-12-17T08:10:44","modified_gmt":"2025-12-17T08:10:44","slug":"kontakt","status":"publish","type":"page","link":"https:\/\/aviator-palety.pl\/index.php\/kontakt\/","title":{"rendered":"Kontakt"},"content":{"rendered":"\n<h1 class=\"wp-block-heading has-text-align-center\">Kontakt \u2013 <span style=\"color: #ff5d00;\">Aviator Sp. z o.o.<\/span><\/h1>\n\n\n\n<p class=\"has-text-align-center\">Masz pytania dotycz\u0105ce <strong><span style=\"color: #ff5d00;\">skupu lub sprzeda\u017cy palet<\/span><\/strong>? Skontaktuj si\u0119 z nami \u2013 ch\u0119tnie pomo\u017cemy i przygotujemy ofert\u0119 dopasowan\u0105 do Twoich potrzeb!<\/p>\n\n\n\n<div style=\"height:32px\" aria-hidden=\"true\" class=\"wp-block-spacer is-style-default\"><\/div>\n\n\n\n<div style=\"height:24px\" aria-hidden=\"true\" class=\"wp-block-spacer is-style-default\"><\/div>\n\n\n\n<h2 class=\"wp-block-heading\">Dane firmy<\/h2>\n\n\n\n<p><strong style=\"font-size: 18px;\">Aviator Sp. z o.o.<\/strong><br>Szpitalna 1, 35-065 Rzesz\u00f3w<br>NIP: 813 385 96 42 | REGON: 388745370<\/p>\n\n\n\n<p><a style=\"color: #ff5d00; text-decoration: underline;\" href=\"mailto:biuro@aviator-palety.pl\">biuro@aviator-palety.pl<\/a><br><a style=\"color: #ff5d00; text-decoration: none; font-weight: bold;\" href=\"tel:666811123\">666 811 123<\/a><\/p>\n\n\n\n<p><a style=\"color: #ff5d00; text-decoration: underline;\" href=\"https:\/\/www.facebook.com\/profile.php?id=100094139654015\" target=\"_blank\" rel=\"noopener\">Facebook<\/a><\/p>\n\n\n\n<div style=\"height:24px\" aria-hidden=\"true\" class=\"wp-block-spacer is-style-default\"><\/div>\n\n\n\n<div style=\"height:24px\" aria-hidden=\"true\" class=\"wp-block-spacer is-style-default\"><\/div>\n\n\n\n<h2 class=\"wp-block-heading\">Sprzeda\u017c palet<\/h2>\n\n\n\n<p><a style=\"color: #ff5d00; text-decoration: underline;\" href=\"mailto:sprzedaz@aviator-palety.pl\">sprzedaz@aviator-palety.pl<\/a><br><a style=\"color: #ff5d00; text-decoration: none; font-weight: bold;\" href=\"tel:666102648\">666 102 648<\/a>, <a style=\"color: #ff5d00; text-decoration: none; font-weight: bold;\" href=\"tel:666011688\">666 011 688<\/a><\/p>\n\n\n\n<div style=\"height:24px\" aria-hidden=\"true\" class=\"wp-block-spacer is-style-default\"><\/div>\n\n\n\n<div style=\"height:24px\" aria-hidden=\"true\" class=\"wp-block-spacer is-style-default\"><\/div>\n\n\n\n<h2 class=\"wp-block-heading\">Punkt skupu palet<\/h2>\n\n\n\n<p>Baczy\u0144skiego 6, 35-210 Rzesz\u00f3w<\/p>\n\n\n\n<p>Telefon do skupu:<\/p>\n\n\n\n<ul class=\"wp-block-list\">\n<li><a href=\"tel:666102648\" style=\"color: #ff5d00; text-decoration: none; font-weight: bold;\">666 102 648<\/a><\/li>\n\n\n\n<li><a href=\"tel:666811123\" style=\"color: #ff5d00; text-decoration: none; font-weight: bold;\">666 811 123<\/a><\/li>\n<\/ul>\n\n\n\n<div style=\"height:24px\" aria-hidden=\"true\" class=\"wp-block-spacer is-style-default\"><\/div>\n\n\n\n<div style=\"height:24px\" aria-hidden=\"true\" class=\"wp-block-spacer is-style-default\"><\/div>\n\n\n\n<h2 class=\"wp-block-heading\">Ksi\u0119gowo\u015b\u0107<\/h2>\n\n\n\n<p><a style=\"color: #ff5d00; text-decoration: underline;\" href=\"mailto:ksiegowosc@aviator-palety.pl\">ksiegowosc@aviator-palety.pl<\/a><br><a style=\"color: #ff5d00; text-decoration: none; font-weight: bold;\" href=\"tel:666102648\">666 102 648<\/a><\/p>\n\n\n\n<h3 class=\"wp-block-heading has-text-align-center\"><strong>Skontaktuj si\u0119 z nami<\/strong><\/h3>\n\n\n\n<p class=\"has-text-align-center\"><a style=\"\n     width: fit-content;\n     display:inline-flex;\n     padding: 14px 32px;\n     font-size:16px;\n     font-weight:bold;\n     text-transform:uppercase;\n     color:#ff5d00;\n     background:transparent;\n     border:2px solid #ff5d00;\n     border-radius:6px;\n     text-decoration:none;\n     transition: all 0.3s ease;\n   \" onmouseover=\"this.style.backgroundColor='#ff5d00'; this.style.color='#fff';\" onmouseout=\"this.style.backgroundColor='transparent'; this.style.color='#ff5d00';\" href=\"tel:666811123\">Zadzwo\u0144: 666 811 123<\/a><\/p>\n\n\n\n<div style=\"height:24px\" aria-hidden=\"true\" class=\"wp-block-spacer is-style-default\"><\/div>\n","protected":false},"excerpt":{"rendered":"<p>Kontakt \u2013 Aviator Sp. z o.o. Masz pytania dotycz\u0105ce skupu lub sprzeda\u017cy palet? Skontaktuj si\u0119 z nami \u2013 ch\u0119tnie pomo\u017cemy i przygotujemy ofert\u0119 dopasowan\u0105 do Twoich potrzeb! Dane firmy Aviator Sp. z o.o.Szpitalna 1, 35-065 Rzesz\u00f3wNIP: 813 385 96 42 | REGON: 388745370 biuro@aviator-palety.pl666 811 123 Facebook Sprzeda\u017c palet sprzedaz@aviator-palety.pl666 102 648, 666 011 688 [&hellip;]<\/p>\n","protected":false},"author":1,"featured_media":0,"parent":0,"menu_order":5,"comment_status":"closed","ping_status":"closed","template":"","meta":{"footnotes":""},"class_list":["post-36","page","type-page","status-publish","hentry"],"jetpack_sharing_enabled":true,"_links":{"self":[{"href":"https:\/\/aviator-palety.pl\/index.php\/wp-json\/wp\/v2\/pages\/36","targetHints":{"allow":["GET"]}}],"collection":[{"href":"https:\/\/aviator-palety.pl\/index.php\/wp-json\/wp\/v2\/pages"}],"about":[{"href":"https:\/\/aviator-palety.pl\/index.php\/wp-json\/wp\/v2\/types\/page"}],"author":[{"embeddable":true,"href":"https:\/\/aviator-palety.pl\/index.php\/wp-json\/wp\/v2\/users\/1"}],"replies":[{"embeddable":true,"href":"https:\/\/aviator-palety.pl\/index.php\/wp-json\/wp\/v2\/comments?post=36"}],"version-history":[{"count":9,"href":"https:\/\/aviator-palety.pl\/index.php\/wp-json\/wp\/v2\/pages\/36\/revisions"}],"predecessor-version":[{"id":344,"href":"https:\/\/aviator-palety.pl\/index.php\/wp-json\/wp\/v2\/pages\/36\/revisions\/344"}],"wp:attachment":[{"href":"https:\/\/aviator-palety.pl\/index.php\/wp-json\/wp\/v2\/media?parent=36"}],"curies":[{"name":"wp","href":"https:\/\/api.w.org\/{rel}","templated":true}]}}